{"id":6950,"date":"2025-10-07T00:32:54","date_gmt":"2025-10-06T22:32:54","guid":{"rendered":"https:\/\/btween-us.com\/?page_id=6950"},"modified":"2026-01-21T08:09:49","modified_gmt":"2026-01-21T07:09:49","slug":"sur-mesure","status":"publish","type":"page","link":"https:\/\/btween-us.com\/en\/sur-mesure\/","title":{"rendered":"Custom Experience"},"content":{"rendered":"<div class=\"wpb-content-wrapper\"><div class=\"vc_row wpb_row vc_row-fluid wide-ipad vc_row-o-equal-height vc_row-o-content-middle vc_row-flex\"><div class=\"wpb_column vc_column_container vc_col-sm-12\"><div class=\"vc_column-inner\"><div class=\"wpb_wrapper\"><div class=\"ult-spacer spacer-69f183034e474\" data-id=\"69f183034e474\" data-height=\"80\" data-height-mobile=\"40\" data-height-tab=\"\" data-height-tab-portrait=\"40\" data-height-mobile-landscape=\"40\" style=\"clear:both;display:block;\"><\/div><div data-rellax-speed=\"0.7\" data-rellax-percentage=\"0.7\" data-splitting=\"chars\" class=\"vc_row wpb_row vc_inner vc_row-fluid\"><div class=\"wpb_column vc_column_container vc_col-sm-12\"><div class=\"vc_column-inner\"><div class=\"wpb_wrapper\"><h1 style=\"font-size: 100px;color: #ffffff;text-align: center\" class=\"vc_custom_heading vc_do_custom_heading wpb_animate_when_almost_visible wpb_charsAnimIn charsAnimIn\" >Custom design<\/h1><\/div><\/div><\/div><\/div><div class=\"ult-spacer spacer-69f183034f608\" data-id=\"69f183034f608\" data-height=\"60\" data-height-mobile=\"20\" data-height-tab=\"\" data-height-tab-portrait=\"40\" data-height-mobile-landscape=\"20\" style=\"clear:both;display:block;\"><\/div><\/div><\/div><\/div><\/div><!-- Row Backgrounds --><div class=\"upb_bg_img\" data-ultimate-bg=\"url(https:\/\/btween-us.com\/wp-content\/uploads\/2026\/01\/fond-1.jpg)\" data-image-id=\"id^8316|url^https:\/\/btween-us.com\/wp-content\/uploads\/2026\/01\/fond-1.jpg|caption^null|alt^null|title^fond-1|description^null\" data-ultimate-bg-style=\"vcpb-default\" data-bg-img-repeat=\"repeat\" data-bg-img-size=\"initial\" data-bg-img-position=\"\" data-parallx_sense=\"30\" data-bg-override=\"ex-full\" data-bg_img_attach=\"scroll\" data-upb-overlay-color=\"\" data-upb-bg-animation=\"\" data-fadeout=\"\" data-bg-animation=\"left-animation\" data-bg-animation-type=\"h\" data-animation-repeat=\"repeat\" data-fadeout-percentage=\"30\" data-parallax-content=\"\" data-parallax-content-sense=\"30\" data-row-effect-mobile-disable=\"true\" data-img-parallax-mobile-disable=\"true\" data-rtl=\"false\"  data-custom-vc-row=\"\"  data-vc=\"8.6.1\"  data-is_old_vc=\"\"  data-theme-support=\"\"   data-overlay=\"false\" data-overlay-color=\"\" data-overlay-pattern=\"\" data-overlay-pattern-opacity=\"\" data-overlay-pattern-size=\"\"    ><\/div><div class=\"vc_row wpb_row vc_row-fluid\"><div class=\"wpb_column vc_column_container vc_col-sm-12\"><div class=\"vc_column-inner\"><div class=\"wpb_wrapper\"><div class=\"ult-spacer spacer-69f1830350f6d\" data-id=\"69f1830350f6d\" data-height=\"160\" data-height-mobile=\"60\" data-height-tab=\"120\" data-height-tab-portrait=\"120\" data-height-mobile-landscape=\"60\" style=\"clear:both;display:block;\"><\/div><\/div><\/div><\/div><\/div><div class=\"vc_row wpb_row vc_row-fluid strong_design\"><div class=\"wpb_column vc_column_container vc_col-sm-6\"><div class=\"vc_column-inner\"><div class=\"wpb_wrapper\"><div class=\"ult-content-box-container\" >\t\t<div class=\"ult-content-box\" style=\"box-shadow: px px px px none;margin-right:50px;-webkit-transition: all 700ms ease;-moz-transition: all 700ms ease;-ms-transition: all 700ms ease;-o-transition: all 700ms ease;transition: all 700ms ease;\"  data-hover_box_shadow=\"none\"   data-responsive_margins=\"margin:0px;\"   data-normal_margins=\"margin-right:50px;\"  ><div class=\"ult_row_spacer\"><div class=\"ult-sticky-anchor\"><div class=\"ult-sticky-section ult-sticky\"  data-gutter= '250' data-stick_behaviour= 'stick_with_scroll_row'  data-sticky_position= 'top' data-mobile='no' data-support='no'><div class=\"ult-animation  ult-animate-viewport  ult-no-mobile\" data-animate=\"fadeInUp\" data-animation-delay=\"0\" data-animation-duration=\"1\" data-animation-iteration=\"1\" style=\"opacity:0;\" data-opacity_start_effect=\"\"><h1 style=\"color: #ffffff;text-align: left\" class=\"vc_custom_heading vc_do_custom_heading section-caption-border\" id=\"cartouche\">EXPERTISE<\/h1><div class=\"vc_empty_space\"   style=\"height: 15px\"><span class=\"vc_empty_space_inner\"><\/span><\/div><p style=\"color: #111111;text-align: left\" class=\"vc_custom_heading vc_do_custom_heading\" id=\"justif\">We understand that every project, every stake, and every audience is singular. That\u2019s why Btween Us creates events on demand \u2014 refined, exact answers to your objectives.\nFrom a confidential launch or an exclusive dinner, to a disruptive seminar or a major celebration, we channel our creativity and craftsmanship into shaping the experience that embodies your ambitions.\nOur signature never varies: elegance and creativity.\nThe event becomes a living expression of your values, elevating your identity and extending your reach.<\/p><div class=\"vc_empty_space\"   style=\"height: 30px\"><span class=\"vc_empty_space_inner\"><\/span><\/div><\/div><\/div><div class=\"ult-space\"><\/div><\/div><\/div>\t\t<\/div><\/div><\/div><\/div><\/div><div class=\"wpb_animate_when_almost_visible wpb_fadeInUp fadeInUp wpb_column vc_column_container vc_col-sm-6\"><div class=\"vc_column-inner\"><div class=\"wpb_wrapper\"><div class=\"ult-spacer spacer-69f18303528d2\" data-id=\"69f18303528d2\" data-height=\"\" data-height-mobile=\"60\" data-height-tab=\"\" data-height-tab-portrait=\"\" data-height-mobile-landscape=\"60\" style=\"clear:both;display:block;\"><\/div>\n\t<div  class=\"parallax-mousemove wpb_single_image wpb_content_element vc_align_left\">\n\t\t\n\t\t\n\t\t<figure class=\"wpb_wrapper vc_figure wpb_animate_when_almost_visible wpb_scaleOutIn scaleOutIn\">\n\t\t\t<div class=\"vc_single_image-wrapper   vc_box_border_grey\"><img loading=\"lazy\" decoding=\"async\" width=\"2560\" height=\"1707\" src=\"https:\/\/btween-us.com\/wp-content\/uploads\/2025\/10\/9B5A8912-scaled.jpeg\" class=\"vc_single_image-img attachment-full\" alt=\"\" title=\"9B5A8912\" srcset=\"https:\/\/btween-us.com\/wp-content\/uploads\/2025\/10\/9B5A8912-scaled.jpeg 2560w, https:\/\/btween-us.com\/wp-content\/uploads\/2025\/10\/9B5A8912-300x200.jpeg 300w, https:\/\/btween-us.com\/wp-content\/uploads\/2025\/10\/9B5A8912-1024x683.jpeg 1024w, https:\/\/btween-us.com\/wp-content\/uploads\/2025\/10\/9B5A8912-768x512.jpeg 768w, https:\/\/btween-us.com\/wp-content\/uploads\/2025\/10\/9B5A8912-1536x1024.jpeg 1536w, https:\/\/btween-us.com\/wp-content\/uploads\/2025\/10\/9B5A8912-2048x1365.jpeg 2048w, https:\/\/btween-us.com\/wp-content\/uploads\/2025\/10\/9B5A8912-600x400.jpeg 600w\" sizes=\"auto, (max-width: 2560px) 100vw, 2560px\" \/><\/div>\n\t\t<\/figure>\n\t<\/div>\n<div class=\"ult-content-box-container\" >\t\t<div class=\"ult-content-box\" style=\"box-shadow: px px px px none;margin-top:60px;margin-right:40px;margin-bottom:60px;margin-left:40px;-webkit-transition: all 700ms ease;-moz-transition: all 700ms ease;-ms-transition: all 700ms ease;-o-transition: all 700ms ease;transition: all 700ms ease;\"  data-hover_box_shadow=\"none\"   data-responsive_margins=\"margin-top:40px;margin-right:0px;margin-bottom:40px;margin-left:0px;\"   data-normal_margins=\"margin-top:60px;margin-right:40px;margin-bottom:60px;margin-left:40px;\"  ><div data-rellax-speed=\"0.7\" data-rellax-percentage=\"0.7\" data-splitting=\"chars\" class=\"vc_row wpb_row vc_inner vc_row-fluid\"><div class=\"wpb_column vc_column_container vc_col-sm-12\"><div class=\"vc_column-inner\"><div class=\"wpb_wrapper\"><h3 style=\"text-align: left\" class=\"vc_custom_heading vc_do_custom_heading wpb_animate_when_almost_visible wpb_charsAnimInLong-1 charsAnimInLong-1\" >What does your \u201cevents on demand\u201d offer include ?<\/h3><\/div><\/div><\/div><\/div><div class=\"vc_empty_space\"   style=\"height: 15px\"><span class=\"vc_empty_space_inner\"><\/span><\/div><div data-rellax-speed=\"0.7\" data-rellax-percentage=\"0.7\" data-splitting=\"lines\" class=\"vc_row wpb_row vc_inner vc_row-fluid\"><div class=\"wide-2col wpb_column vc_column_container vc_col-sm-12\"><div class=\"vc_column-inner\"><div class=\"wpb_wrapper\"><p style=\"text-align: left\" class=\"vc_custom_heading vc_do_custom_heading wpb_animate_when_almost_visible wpb_linesAnimIn linesAnimIn\" id=\"justif\">It is the guarantee of a premium, smooth, and flawless event, custom-designed around your specific needs (VIPs, clients, C-suite, partners).<\/p><\/div><\/div><\/div><\/div>\t\t<\/div><\/div><div class=\"ult-spacer spacer-69f1830354a07\" data-id=\"69f1830354a07\" data-height=\"50\" data-height-mobile=\"50\" data-height-tab=\"50\" data-height-tab-portrait=\"50\" data-height-mobile-landscape=\"50\" style=\"clear:both;display:block;\"><\/div>\n\t<div  class=\"parallax-mousemove wpb_single_image wpb_content_element vc_align_left\">\n\t\t\n\t\t\n\t\t<figure class=\"wpb_wrapper vc_figure wpb_animate_when_almost_visible wpb_scaleOutIn scaleOutIn\">\n\t\t\t<div class=\"vc_single_image-wrapper   vc_box_border_grey\"><img loading=\"lazy\" decoding=\"async\" width=\"865\" height=\"554\" src=\"https:\/\/btween-us.com\/wp-content\/uploads\/2025\/10\/91b1542e-7766-48a3-a3fe-a6ceb4785942.jpg\" class=\"vc_single_image-img attachment-full\" alt=\"\" title=\"91b1542e-7766-48a3-a3fe-a6ceb4785942\" srcset=\"https:\/\/btween-us.com\/wp-content\/uploads\/2025\/10\/91b1542e-7766-48a3-a3fe-a6ceb4785942.jpg 865w, https:\/\/btween-us.com\/wp-content\/uploads\/2025\/10\/91b1542e-7766-48a3-a3fe-a6ceb4785942-300x192.jpg 300w, https:\/\/btween-us.com\/wp-content\/uploads\/2025\/10\/91b1542e-7766-48a3-a3fe-a6ceb4785942-768x492.jpg 768w\" sizes=\"auto, (max-width: 865px) 100vw, 865px\" \/><\/div>\n\t\t<\/figure>\n\t<\/div>\n<div class=\"ult-content-box-container\" >\t\t<div class=\"ult-content-box\" style=\"box-shadow: px px px px none;margin-top:60px;margin-right:40px;margin-bottom:60px;margin-left:40px;-webkit-transition: all 700ms ease;-moz-transition: all 700ms ease;-ms-transition: all 700ms ease;-o-transition: all 700ms ease;transition: all 700ms ease;\"  data-hover_box_shadow=\"none\"   data-responsive_margins=\"margin-top:40px;margin-right:0px;margin-bottom:40px;margin-left:0px;\"   data-normal_margins=\"margin-top:60px;margin-right:40px;margin-bottom:60px;margin-left:40px;\"  ><div data-rellax-speed=\"0.7\" data-rellax-percentage=\"0.7\" data-splitting=\"chars\" class=\"vc_row wpb_row vc_inner vc_row-fluid\"><div class=\"wpb_column vc_column_container vc_col-sm-12\"><div class=\"vc_column-inner\"><div class=\"wpb_wrapper\"><h3 style=\"text-align: left\" class=\"vc_custom_heading vc_do_custom_heading wpb_animate_when_almost_visible wpb_charsAnimInLong-1 charsAnimInLong-1\" >Why does a single point of contact make all the difference?<\/h3><\/div><\/div><\/div><\/div><div class=\"vc_empty_space\"   style=\"height: 15px\"><span class=\"vc_empty_space_inner\"><\/span><\/div><div data-rellax-speed=\"0.7\" data-rellax-percentage=\"0.7\" data-splitting=\"lines\" class=\"vc_row wpb_row vc_inner vc_row-fluid\"><div class=\"wide-2col wpb_column vc_column_container vc_col-sm-12\"><div class=\"vc_column-inner\"><div class=\"wpb_wrapper\"><p style=\"text-align: left\" class=\"vc_custom_heading vc_do_custom_heading wpb_animate_when_almost_visible wpb_linesAnimIn linesAnimIn\" id=\"justif\">Because they orchestrate everything: the venue, the talent, the scenography, the timing, and all plan B and C contingencies. You gain peace of mind, knowing every detail is anticipated.<\/p><\/div><\/div><\/div><\/div>\t\t<\/div><\/div><div class=\"ult-spacer spacer-69f183035636c\" data-id=\"69f183035636c\" data-height=\"50\" data-height-mobile=\"50\" data-height-tab=\"50\" data-height-tab-portrait=\"50\" data-height-mobile-landscape=\"50\" style=\"clear:both;display:block;\"><\/div>\n\t<div  class=\"parallax-mousemove wpb_single_image wpb_content_element vc_align_left\">\n\t\t\n\t\t\n\t\t<figure class=\"wpb_wrapper vc_figure wpb_animate_when_almost_visible wpb_scaleOutIn scaleOutIn\">\n\t\t\t<div class=\"vc_single_image-wrapper   vc_box_border_grey\"><img loading=\"lazy\" decoding=\"async\" width=\"1707\" height=\"2560\" src=\"https:\/\/btween-us.com\/wp-content\/uploads\/2025\/10\/DSCF6849_20250730_120128_0000-scaled.jpg\" class=\"vc_single_image-img attachment-full\" alt=\"\" title=\"DSCF6849_20250730_120128_0000\" srcset=\"https:\/\/btween-us.com\/wp-content\/uploads\/2025\/10\/DSCF6849_20250730_120128_0000-scaled.jpg 1707w, https:\/\/btween-us.com\/wp-content\/uploads\/2025\/10\/DSCF6849_20250730_120128_0000-200x300.jpg 200w, https:\/\/btween-us.com\/wp-content\/uploads\/2025\/10\/DSCF6849_20250730_120128_0000-683x1024.jpg 683w, https:\/\/btween-us.com\/wp-content\/uploads\/2025\/10\/DSCF6849_20250730_120128_0000-768x1152.jpg 768w, https:\/\/btween-us.com\/wp-content\/uploads\/2025\/10\/DSCF6849_20250730_120128_0000-1024x1536.jpg 1024w, https:\/\/btween-us.com\/wp-content\/uploads\/2025\/10\/DSCF6849_20250730_120128_0000-1365x2048.jpg 1365w\" sizes=\"auto, (max-width: 1707px) 100vw, 1707px\" \/><\/div>\n\t\t<\/figure>\n\t<\/div>\n<div class=\"ult-content-box-container\" >\t\t<div class=\"ult-content-box\" style=\"box-shadow: px px px px none;margin-top:60px;margin-right:40px;margin-bottom:60px;margin-left:40px;-webkit-transition: all 700ms ease;-moz-transition: all 700ms ease;-ms-transition: all 700ms ease;-o-transition: all 700ms ease;transition: all 700ms ease;\"  data-hover_box_shadow=\"none\"   data-responsive_margins=\"margin-top:40px;margin-right:0px;margin-bottom:40px;margin-left:0px;\"   data-normal_margins=\"margin-top:60px;margin-right:40px;margin-bottom:60px;margin-left:40px;\"  ><div data-rellax-speed=\"0.7\" data-rellax-percentage=\"0.7\" data-splitting=\"chars\" class=\"vc_row wpb_row vc_inner vc_row-fluid\"><div class=\"wpb_column vc_column_container vc_col-sm-12\"><div class=\"vc_column-inner\"><div class=\"wpb_wrapper\"><h3 style=\"text-align: left\" class=\"vc_custom_heading vc_do_custom_heading wpb_animate_when_almost_visible wpb_charsAnimInLong-1 charsAnimInLong-1\" >How do you ensure there are absolutely no missteps ?<\/h3><\/div><\/div><\/div><\/div><div class=\"vc_empty_space\"   style=\"height: 15px\"><span class=\"vc_empty_space_inner\"><\/span><\/div><div data-rellax-speed=\"0.7\" data-rellax-percentage=\"0.7\" data-splitting=\"lines\" class=\"vc_row wpb_row vc_inner vc_row-fluid\"><div class=\"wide-2col wpb_column vc_column_container vc_col-sm-12\"><div class=\"vc_column-inner\"><div class=\"wpb_wrapper\"><p style=\"text-align: left\" class=\"vc_custom_heading vc_do_custom_heading wpb_animate_when_almost_visible wpb_linesAnimIn linesAnimIn\" id=\"justif\">By applying meticulous preparation, working with hand-picked providers, and ensuring operational follow-through that leaves no space for hazardous improvisation.<\/p><\/div><\/div><\/div><\/div>\t\t<\/div><\/div><div class=\"ult-spacer spacer-69f1830357ec5\" data-id=\"69f1830357ec5\" data-height=\"50\" data-height-mobile=\"50\" data-height-tab=\"50\" data-height-tab-portrait=\"50\" data-height-mobile-landscape=\"50\" style=\"clear:both;display:block;\"><\/div>\n\t<div  class=\"parallax-mousemove wpb_single_image wpb_content_element vc_align_left\">\n\t\t\n\t\t\n\t\t<figure class=\"wpb_wrapper vc_figure wpb_animate_when_almost_visible wpb_scaleOutIn scaleOutIn\">\n\t\t\t<div class=\"vc_single_image-wrapper   vc_box_border_grey\"><img loading=\"lazy\" decoding=\"async\" width=\"1024\" height=\"1536\" src=\"https:\/\/btween-us.com\/wp-content\/uploads\/2025\/10\/RIT_6465.jpg\" class=\"vc_single_image-img attachment-full\" alt=\"\" title=\"RIT_6465\" srcset=\"https:\/\/btween-us.com\/wp-content\/uploads\/2025\/10\/RIT_6465.jpg 1024w, https:\/\/btween-us.com\/wp-content\/uploads\/2025\/10\/RIT_6465-200x300.jpg 200w, https:\/\/btween-us.com\/wp-content\/uploads\/2025\/10\/RIT_6465-683x1024.jpg 683w, https:\/\/btween-us.com\/wp-content\/uploads\/2025\/10\/RIT_6465-768x1152.jpg 768w\" sizes=\"auto, (max-width: 1024px) 100vw, 1024px\" \/><\/div>\n\t\t<\/figure>\n\t<\/div>\n<div class=\"ult-content-box-container\" >\t\t<div class=\"ult-content-box\" style=\"box-shadow: px px px px none;margin-top:60px;margin-right:40px;margin-bottom:60px;margin-left:40px;-webkit-transition: all 700ms ease;-moz-transition: all 700ms ease;-ms-transition: all 700ms ease;-o-transition: all 700ms ease;transition: all 700ms ease;\"  data-hover_box_shadow=\"none\"   data-responsive_margins=\"margin-top:40px;margin-right:0px;margin-bottom:40px;margin-left:0px;\"   data-normal_margins=\"margin-top:60px;margin-right:40px;margin-bottom:60px;margin-left:40px;\"  ><div data-rellax-speed=\"0.7\" data-rellax-percentage=\"0.7\" data-splitting=\"chars\" class=\"vc_row wpb_row vc_inner vc_row-fluid\"><div class=\"wpb_column vc_column_container vc_col-sm-12\"><div class=\"vc_column-inner\"><div class=\"wpb_wrapper\"><h3 style=\"text-align: left\" class=\"vc_custom_heading vc_do_custom_heading wpb_animate_when_almost_visible wpb_charsAnimInLong-1 charsAnimInLong-1\" >Can these events integrate your other design concepts ?<\/h3><\/div><\/div><\/div><\/div><div class=\"vc_empty_space\"   style=\"height: 15px\"><span class=\"vc_empty_space_inner\"><\/span><\/div><div data-rellax-speed=\"0.7\" data-rellax-percentage=\"0.7\" data-splitting=\"lines\" class=\"vc_row wpb_row vc_inner vc_row-fluid\"><div class=\"wide-2col wpb_column vc_column_container vc_col-sm-12\"><div class=\"vc_column-inner\"><div class=\"wpb_wrapper\"><p style=\"text-align: left\" class=\"vc_custom_heading vc_do_custom_heading wpb_animate_when_almost_visible wpb_linesAnimIn linesAnimIn\" id=\"justif\">Yes. On-demand events offer a bespoke structure that can integrate our relational, exclusive, or immersive designs \u2014 fully aligned with your objectives.<\/p><\/div><\/div><\/div><\/div>\t\t<\/div><\/div><\/div><\/div><\/div><\/div><!-- Row Backgrounds --><div class=\"upb_color\" data-bg-override=\"ex-full\" data-bg-color=\"rgba(255,255,255,0.01)\" data-fadeout=\"\" data-fadeout-percentage=\"30\" data-parallax-content=\"\" data-parallax-content-sense=\"30\" data-row-effect-mobile-disable=\"true\" data-img-parallax-mobile-disable=\"true\" data-rtl=\"false\"  data-custom-vc-row=\"\"  data-vc=\"8.6.1\"  data-is_old_vc=\"\"  data-theme-support=\"\"   data-overlay=\"false\" data-overlay-color=\"\" data-overlay-pattern=\"\" data-overlay-pattern-opacity=\"\" data-overlay-pattern-size=\"\"     data-hide-row=\" uvc_hidden-xs  uvc_hidden-xsl \" ><\/div><div id=\"folioexpert1\" class=\"vc_row wpb_row vc_row-fluid wide-ipad wpb_animate_when_almost_visible wpb_fadeInUpShort fadeInUpShort vc_row-o-equal-height vc_row-o-content-middle vc_row-flex\"><div class=\"wpb_column vc_column_container vc_col-sm-12\"><div class=\"vc_column-inner\"><div class=\"wpb_wrapper\"><h1 style=\"color: #ffffff;text-align: center\" class=\"vc_custom_heading vc_do_custom_heading section-caption-border align-center\" >CAS D'USAGES<\/h1><div class=\"vc_empty_space\"   style=\"height: 15px\"><span class=\"vc_empty_space_inner\"><\/span><\/div><div data-rellax-speed=\"0.7\" data-rellax-percentage=\"0.7\" data-splitting=\"chars\" class=\"vc_row wpb_row vc_inner vc_row-fluid\"><div class=\"wpb_column vc_column_container vc_col-sm-2\"><div class=\"vc_column-inner\"><div class=\"wpb_wrapper\"><\/div><\/div><\/div><div class=\"wpb_column vc_column_container vc_col-sm-8\"><div class=\"vc_column-inner\"><div class=\"wpb_wrapper\"><h2 style=\"text-align: center\" class=\"vc_custom_heading vc_do_custom_heading wpb_animate_when_almost_visible wpb_charsAnimIn charsAnimIn\" >Exemples de designs sur mesure<\/h2><\/div><\/div><\/div><div class=\"wpb_column vc_column_container vc_col-sm-2\"><div class=\"vc_column-inner\"><div class=\"wpb_wrapper\"><\/div><\/div><\/div><\/div><div class=\"vc_empty_space\"   style=\"height: 25px\"><span class=\"vc_empty_space_inner\"><\/span><\/div><\/div><\/div><\/div><\/div>\n<\/div>","protected":false},"excerpt":{"rendered":"Design sur mesure EXPERTISENous savons que chaque projet, chaque enjeu, chaque audience est unique. C\u2019est pourquoi Btween Us con\u00e7oit des \u00e9v\u00e9nements \u00e0 la demande, pens\u00e9s comme des r\u00e9ponses pr\u00e9cises et \u00e9l\u00e9gantes \u00e0 vos besoins. Qu\u2019il s\u2019agisse d\u2019un lancement confidentiel, d\u2019un d\u00eener exclusif, d\u2019un s\u00e9minaire disruptif ou d\u2019une c\u00e9l\u00e9bration d\u2019ampleur, nous puisons dans notre cr\u00e9ativit\u00e9 et [...]","protected":false},"author":1,"featured_media":0,"parent":0,"menu_order":0,"comment_status":"closed","ping_status":"closed","template":"page.php","meta":{"_seopress_robots_primary_cat":"","_seopress_titles_title":"","_seopress_titles_desc":"","_seopress_robots_index":"","footnotes":""},"class_list":["post-6950","page","type-page","status-publish","hentry"],"_links":{"self":[{"href":"https:\/\/btween-us.com\/en\/wp-json\/wp\/v2\/pages\/6950","targetHints":{"allow":["GET"]}}],"collection":[{"href":"https:\/\/btween-us.com\/en\/wp-json\/wp\/v2\/pages"}],"about":[{"href":"https:\/\/btween-us.com\/en\/wp-json\/wp\/v2\/types\/page"}],"author":[{"embeddable":true,"href":"https:\/\/btween-us.com\/en\/wp-json\/wp\/v2\/users\/1"}],"replies":[{"embeddable":true,"href":"https:\/\/btween-us.com\/en\/wp-json\/wp\/v2\/comments?post=6950"}],"version-history":[{"count":12,"href":"https:\/\/btween-us.com\/en\/wp-json\/wp\/v2\/pages\/6950\/revisions"}],"predecessor-version":[{"id":8343,"href":"https:\/\/btween-us.com\/en\/wp-json\/wp\/v2\/pages\/6950\/revisions\/8343"}],"wp:attachment":[{"href":"https:\/\/btween-us.com\/en\/wp-json\/wp\/v2\/media?parent=6950"}],"curies":[{"name":"wp","href":"https:\/\/api.w.org\/{rel}","templated":true}]}}