{"id":6068,"date":"2025-05-22T14:39:33","date_gmt":"2025-05-22T14:39:33","guid":{"rendered":"https:\/\/preview.treethemes.com\/hazel5\/demo19\/?page_id=5379"},"modified":"2025-11-20T00:03:05","modified_gmt":"2025-11-19T23:03:05","slug":"nos-realisations","status":"publish","type":"page","link":"https:\/\/btween-us.com\/en\/nos-realisations\/","title":{"rendered":"Our Works"},"content":{"rendered":"<div class=\"wpb-content-wrapper\"><div class=\"vc_row wpb_row vc_row-fluid wide-ipad vc_row-o-equal-height vc_row-o-content-middle vc_row-flex\"><div class=\"wpb_column vc_column_container vc_col-sm-12\"><div class=\"vc_column-inner\"><div class=\"wpb_wrapper\"><div class=\"ult-spacer spacer-69f16b56937a8\" data-id=\"69f16b56937a8\" data-height=\"80\" data-height-mobile=\"60\" data-height-tab=\"\" data-height-tab-portrait=\"70\" data-height-mobile-landscape=\"60\" style=\"clear:both;display:block;\"><\/div><div data-rellax-speed=\"0.7\" data-rellax-percentage=\"0.7\" data-splitting=\"chars\" class=\"vc_row wpb_row vc_inner vc_row-fluid\"><div class=\"wpb_column vc_column_container vc_col-sm-12\"><div class=\"vc_column-inner\"><div class=\"wpb_wrapper\"><h1 style=\"font-size: 100px;color: #ffffff;text-align: center\" class=\"vc_custom_heading vc_do_custom_heading wpb_animate_when_almost_visible wpb_charsAnimIn charsAnimIn\" >Our Works<\/h1><\/div><\/div><\/div><\/div><div class=\"ult-spacer spacer-69f16b5694555\" data-id=\"69f16b5694555\" data-height=\"80\" data-height-mobile=\"60\" data-height-tab=\"\" data-height-tab-portrait=\"70\" data-height-mobile-landscape=\"60\" style=\"clear:both;display:block;\"><\/div><\/div><\/div><\/div><\/div><!-- Row Backgrounds --><div class=\"upb_bg_img\" data-ultimate-bg=\"url(https:\/\/btween-us.com\/wp-content\/uploads\/2025\/11\/fond-1.jpg)\" data-image-id=\"id^7883|url^https:\/\/btween-us.com\/wp-content\/uploads\/2026\/01\/fond-1.jpg|caption^fond vert |alt^fond vert|title^fond vert|description^fond vert \" data-ultimate-bg-style=\"vcpb-default\" data-bg-img-repeat=\"repeat\" data-bg-img-size=\"initial\" data-bg-img-position=\"\" data-parallx_sense=\"30\" data-bg-override=\"ex-full\" data-bg_img_attach=\"scroll\" data-upb-overlay-color=\"\" data-upb-bg-animation=\"\" data-fadeout=\"\" data-bg-animation=\"left-animation\" data-bg-animation-type=\"h\" data-animation-repeat=\"repeat\" data-fadeout-percentage=\"30\" data-parallax-content=\"\" data-parallax-content-sense=\"30\" data-row-effect-mobile-disable=\"true\" data-img-parallax-mobile-disable=\"true\" data-rtl=\"false\"  data-custom-vc-row=\"\"  data-vc=\"8.6.1\"  data-is_old_vc=\"\"  data-theme-support=\"\"   data-overlay=\"false\" data-overlay-color=\"\" data-overlay-pattern=\"\" data-overlay-pattern-opacity=\"\" data-overlay-pattern-size=\"\"    ><\/div><div class=\"vc_row wpb_row vc_row-fluid\"><div class=\"wpb_column vc_column_container vc_col-sm-12\"><div class=\"vc_column-inner\"><div class=\"wpb_wrapper\"><div class=\"ult-spacer spacer-69f16b5697fef\" data-id=\"69f16b5697fef\" data-height=\"120\" data-height-mobile=\"60\" data-height-tab=\"120\" data-height-tab-portrait=\"120\" data-height-mobile-landscape=\"60\" style=\"clear:both;display:block;\"><\/div><\/div><\/div><\/div><\/div><div class=\"vc_row wpb_row vc_row-fluid\"><div class=\"wpb_animate_when_almost_visible wpb_fadeInUp fadeInUp wpb_column vc_column_container vc_col-sm-12\"><div class=\"vc_column-inner\"><div class=\"wpb_wrapper\"><style type='text\/css'>#cbpw-wrap203 {margin:0px 0px 0px 0px;}#cbpw-grid203 .cbp-l-grid-work-title {color:#1c0c3d;background-color:transparent;font-size:20px;font-family:Inter;font-weight:700;font-style:normal;line-height:25px;text-align:left;padding:0px 0px 0px 0px;margin:25px 0px 0px 0px;text-transform:none;}#cbpw-grid203 .cbp-l-grid-work-title:hover {color:none;}#cbpw-grid203 .cbp-l-grid-work-desc {color:#383440;background-color:transparent;font-size:13px;font-family:Inter;font-weight:400;font-style:normal;line-height:16px;text-align:left;padding:5px 0px 0px 0px;margin:0px 0px 0px 0px;text-transform:none;}#cbpw-grid203 .cbp-caption {margin-bottom:0;}#cbpw-grid203 .cbp-caption-activeWrap {background-color:rgba(0,0,0,0.25);}#cbpw-loadMore203 .cbp-l-loadMore-link {color:#7E7B7B;background-color:transparent;border-width:1px 1px 1px 1px;border-style:solid;border-color:#DEDEDE;font-size:12px;font-family:Open Sans,sans-serif;font-weight:400;font-style:normal;line-height:34px;text-align:center;padding:0px 30px 0px 30px;margin:40px 0px 0px 0px;text-transform:none;}#cbpw-loadMore203 .cbp-l-loadMore-link:hover {color:#B0B0B0;background-color:transparent;border-width:1px 1px 1px 1px;border-style:solid;border-color:#DEDEDE;font-size:12px;font-family:Open Sans,sans-serif;font-weight:400;font-style:normal;line-height:34px;text-align:center;padding:0px 30px 0px 30px;margin:40px 0px 0px 0px;text-transform:none;}#cbpw-loadMore203 .cbp-l-loadMore-loading {color:#B0B0B0;background-color:transparent;border-width:1px 1px 1px 1px;border-style:solid;border-color:#DEDEDE;font-size:12px;font-family:Open Sans,sans-serif;font-weight:400;font-style:normal;line-height:34px;text-align:center;padding:0px 30px 0px 30px;margin:40px 0px 0px 0px;text-transform:none;}#cbpw-loadMore203 .cbp-l-loadMore-loading:hover {color:#B0B0B0;background-color:transparent;border-width:1px 1px 1px 1px;border-style:solid;border-color:#DEDEDE;font-size:12px;font-family:Open Sans,sans-serif;font-weight:400;font-style:normal;line-height:34px;text-align:center;padding:0px 30px 0px 30px;margin:40px 0px 0px 0px;text-transform:none;}#cbpw-loadMore203 .cbp-l-loadMore-stop {color:#B0B0B0;background-color:transparent;border-width:1px 1px 1px 1px;border-style:solid;border-color:#DEDEDE;font-size:12px;font-family:Open Sans,sans-serif;font-weight:400;font-style:normal;line-height:34px;text-align:center;padding:0px 30px 0px 30px;margin:40px 0px 0px 0px;text-transform:none;}#cbpw-loadMore203 .cbp-l-loadMore-stop:hover {color:#B0B0B0;background-color:transparent;border-width:1px 1px 1px 1px;border-style:solid;border-color:#DEDEDE;font-size:12px;font-family:Open Sans,sans-serif;font-weight:400;font-style:normal;line-height:34px;text-align:center;padding:0px 30px 0px 30px;margin:40px 0px 0px 0px;text-transform:none;}#cbpw-singlePage203 .cbp-popup-navigation-wrap {background-color:#34425C;}#cbpw-singlePage203 .cbp-popup-singlePage-counter {color:#bbc0df;font-size:13px;font-family:Open Sans;font-weight:400;font-style:normal;}<\/style><link rel=\"stylesheet\" href=\"\/\/fonts.googleapis.com\/css?family=Open+Sans:400normal\" type=\"text\/css\" media=\"all\" property=\"stylesheet\"><div id=\"cbpw-wrap203\"><div id=\"cbpw-grid203\" class=\"cbp-l-grid-work cbp\"><div><div class=\"cbp-item logo\"><a href=\"\/\/btween-us.com\/en\/portfolio\/pique-nique-experientiel-les-pieds-dans-leau\/\" class=\"cbp-caption cbp-simpleLink\" data-title=\"Caption Data Title 1\"><div class=\"cbp-caption-defaultWrap\"><img decoding=\"async\" src=\"\/\/btween-us.com\/wp-content\/uploads\/2025\/10\/DSCF7136-scaled.jpg\" alt=\"\"><\/div><div class=\"cbp-caption-activeWrap\"><\/div><\/a><div class=\"cbp-l-grid-work-title\">A barefoot picnic by the water.<\/div><div class=\"cbp-l-grid-work-desc\">by Btween Us<\/div><\/div><div class=\"cbp-item logo\"><a href=\"\/\/btween-us.com\/en\/portfolio\/diner-experientiel-dans-une-librairie\/\" class=\"cbp-caption cbp-simpleLink\" data-title=\"Caption Data Title 1\" style=\"\"><div class=\"cbp-caption-defaultWrap\"><img decoding=\"async\" src=\"\/\/btween-us.com\/wp-content\/uploads\/2025\/10\/Btween-us_Diner_Lieu-insolite2-1-scaled.jpg\" alt=\"\"><\/div><div class=\"cbp-caption-activeWrap\"><\/div><\/a><div class=\"cbp-l-grid-work-title\">Dinner in a bookstore<\/div><div class=\"cbp-l-grid-work-desc\">Made by Btween Us<\/div><\/div><div class=\"cbp-item logo\"><a href=\"\/\/btween-us.com\/en\/portfolio\/une-soiree-de-noel-dantesque\/\" class=\"cbp-caption cbp-simpleLink\" data-title=\"Caption Data Title 1\" style=\"\"><div class=\"cbp-caption-defaultWrap\"><img decoding=\"async\" src=\"\/\/btween-us.com\/wp-content\/uploads\/2025\/10\/Btween-us_BuzzBrothers9.jpg\" alt=\"\"><\/div><div class=\"cbp-caption-activeWrap\"><\/div><\/a><div class=\"cbp-l-grid-work-title\">A spectacular Christmas evening<\/div><div class=\"cbp-l-grid-work-desc\">Client : Buzz Brothers<\/div><\/div><div class=\"cbp-item logo\"><a href=\"\/\/btween-us.com\/en\/portfolio\/celebrer-40-ans-de-carriere-dans-une-cave-a-vin\/\" class=\"cbp-caption cbp-simpleLink\" data-title=\"Caption Data Title 1\"><div class=\"cbp-caption-defaultWrap\"><img decoding=\"async\" src=\"\/\/btween-us.com\/wp-content\/uploads\/2026\/01\/Btween-us_nos-realisations10-scaled-1.jpg\" alt=\"\"><\/div><div class=\"cbp-caption-activeWrap\"><\/div><\/a><div class=\"cbp-l-grid-work-title\">Dinner in a wine cellar !<\/div><div class=\"cbp-l-grid-work-desc\">Client : Auberge de Savi\u00e8se<\/div><\/div><div class=\"cbp-item logo\"><a href=\"\/\/btween-us.com\/en\/portfolio\/une-ruee-vers-lor-pour-celebrer-ses-equipes\/\" class=\"cbp-caption cbp-simpleLink\" data-title=\"Caption Data Title 1\" style=\"\"><div class=\"cbp-caption-defaultWrap\"><img decoding=\"async\" src=\"\/\/btween-us.com\/wp-content\/uploads\/2025\/10\/DSC00210.jpg\" alt=\"\"><\/div><div class=\"cbp-caption-activeWrap\"><\/div><\/a><div class=\"cbp-l-grid-work-title\">The great golden rush !<\/div><div class=\"cbp-l-grid-work-desc\">Client : Oryx<\/div><\/div><div class=\"cbp-item logo\"><a href=\"\/\/btween-us.com\/en\/portfolio\/team-building-estival-sportif\/\" class=\"cbp-caption cbp-simpleLink\" data-title=\"Caption Data Title 1\" style=\"\"><div class=\"cbp-caption-defaultWrap\"><img decoding=\"async\" src=\"\/\/btween-us.com\/wp-content\/uploads\/2025\/10\/Btween-us_Totem-sacre16-scaled.jpg\" alt=\"\"><\/div><div class=\"cbp-caption-activeWrap\"><\/div><\/a><div class=\"cbp-l-grid-work-title\">Summer Team Building<\/div><div class=\"cbp-l-grid-work-desc\">Client : Niru<\/div><\/div><div class=\"cbp-item logo\"><a href=\"\/\/btween-us.com\/en\/portfolio\/pique-nique-gastronomique-au-milieu-des-vignes\/\" class=\"cbp-caption cbp-simpleLink\" data-title=\"Caption Data Title 1\"><div class=\"cbp-caption-defaultWrap\"><img decoding=\"async\" src=\"\/\/btween-us.com\/wp-content\/uploads\/2025\/10\/EX0A0398-scaled.jpg\" alt=\"\"><\/div><div class=\"cbp-caption-activeWrap\"><\/div><\/a><div class=\"cbp-l-grid-work-title\">Picnic among the vineyards !<\/div><div class=\"cbp-l-grid-work-desc\">by Btween Us<\/div><\/div><\/div><\/div><\/div><script type=\"text\/javascript\">this.initCubePortfolio =  this.initCubePortfolio || []; this.initCubePortfolio.push({id: 203, options: {\"filters\":\"\",\"loadMore\":\"\",\"loadMoreAction\":\"click\",\"search\":\"\",\"layoutMode\":\"grid\",\"sortToPreventGaps\":false,\"drag\":true,\"auto\":false,\"autoTimeout\":5000,\"autoPauseOnHover\":true,\"showNavigation\":true,\"showPagination\":false,\"rewindNav\":true,\"scrollByPage\":false,\"defaultFilter\":\"*\",\"filterDeeplinking\":false,\"animationType\":\"scaleSides\",\"gridAdjustment\":\"responsive\",\"mediaQueries\":[{\"width\":1400,\"cols\":3},{\"width\":1170,\"cols\":3},{\"width\":1024,\"cols\":3},{\"width\":960,\"cols\":3},{\"width\":778,\"cols\":3},{\"width\":640,\"cols\":3},{\"width\":480,\"cols\":1}],\"gapHorizontal\":30,\"gapVertical\":30,\"caption\":\"zoom\",\"displayType\":\"lazyLoading\",\"displayTypeSpeed\":100,\"lightboxDelegate\":\".cbp-lightbox\",\"lightboxGallery\":true,\"lightboxTitleSrc\":\"data-title\",\"lightboxCounter\":\"<div class=\\\"cbp-popup-lightbox-counter\\\">{{current}} of {{total}}<\/div>\",\"singlePageDelegate\":\".cbp-singlePage\",\"singlePageDeeplinking\":true,\"singlePageStickyNavigation\":true,\"singlePageCounter\":\"<div class=\\\"cbp-popup-singlePage-counter\\\">{{current}} of {{total}}<\/div>\",\"singlePageAnimation\":\"middle\",\"singlePageInlineDelegate\":\".cbp-singlePageInline\",\"singlePageInlineDeeplinking\":false,\"singlePageInlinePosition\":\"above\",\"singlePageInlineInFocus\":true,\"plugins\":{},\"cols\":3,\"displayItemsLoadMore\":3,\"coverRatio\":\"\"}});<\/script><\/div><\/div><\/div><\/div><div class=\"vc_row wpb_row vc_row-fluid\"><div class=\"wpb_column vc_column_container vc_col-sm-12\"><div class=\"vc_column-inner\"><div class=\"wpb_wrapper\"><div class=\"ult-spacer spacer-69f16b5699760\" data-id=\"69f16b5699760\" data-height=\"160\" data-height-mobile=\"60\" data-height-tab=\"120\" data-height-tab-portrait=\"120\" data-height-mobile-landscape=\"60\" style=\"clear:both;display:block;\"><\/div><\/div><\/div><\/div><\/div>\n<\/div>","protected":false},"excerpt":{"rendered":"Nos R\u00e9alisationsPique-nique les pieds dans l'eau !by Btween UsD\u00eener dans une librairieMade by Btween UsUne soir\u00e9e de No\u00ebl dantesqueClient : Buzz BrothersDiner dans une Cave \u00e0 vin !Client : Auberge de Savi\u00e8seLa grande ru\u00e9e vers l'or !Client : OryxTeam Building EstivalClient : NiruPique-nique au milieu des vignes !by Btween Us","protected":false},"author":1,"featured_media":0,"parent":0,"menu_order":0,"comment_status":"closed","ping_status":"closed","template":"page.php","meta":{"_seopress_robots_primary_cat":"","_seopress_titles_title":"","_seopress_titles_desc":"","_seopress_robots_index":"","footnotes":""},"class_list":["post-6068","page","type-page","status-publish","hentry"],"_links":{"self":[{"href":"https:\/\/btween-us.com\/en\/wp-json\/wp\/v2\/pages\/6068","targetHints":{"allow":["GET"]}}],"collection":[{"href":"https:\/\/btween-us.com\/en\/wp-json\/wp\/v2\/pages"}],"about":[{"href":"https:\/\/btween-us.com\/en\/wp-json\/wp\/v2\/types\/page"}],"author":[{"embeddable":true,"href":"https:\/\/btween-us.com\/en\/wp-json\/wp\/v2\/users\/1"}],"replies":[{"embeddable":true,"href":"https:\/\/btween-us.com\/en\/wp-json\/wp\/v2\/comments?post=6068"}],"version-history":[{"count":9,"href":"https:\/\/btween-us.com\/en\/wp-json\/wp\/v2\/pages\/6068\/revisions"}],"predecessor-version":[{"id":8077,"href":"https:\/\/btween-us.com\/en\/wp-json\/wp\/v2\/pages\/6068\/revisions\/8077"}],"wp:attachment":[{"href":"https:\/\/btween-us.com\/en\/wp-json\/wp\/v2\/media?parent=6068"}],"curies":[{"name":"wp","href":"https:\/\/api.w.org\/{rel}","templated":true}]}}