{"id":5381,"date":"2025-05-22T14:39:50","date_gmt":"2025-05-22T14:39:50","guid":{"rendered":"https:\/\/preview.treethemes.com\/hazel5\/demo19\/?page_id=5381"},"modified":"2026-01-21T07:47:47","modified_gmt":"2026-01-21T06:47:47","slug":"contact","status":"publish","type":"page","link":"https:\/\/btween-us.com\/en\/contact\/","title":{"rendered":"Contact"},"content":{"rendered":"<div class=\"wpb-content-wrapper\"><div class=\"vc_row wpb_row vc_row-fluid wide-ipad vc_row-o-equal-height vc_row-o-content-middle vc_row-flex\"><div class=\"wpb_animate_when_almost_visible wpb_fadeInUp fadeInUp wpb_column vc_column_container vc_col-sm-12\"><div class=\"vc_column-inner\"><div class=\"wpb_wrapper\"><div class=\"ult-spacer spacer-69f17fca3c113\" data-id=\"69f17fca3c113\" data-height=\"60\" data-height-mobile=\"20\" data-height-tab=\"\" data-height-tab-portrait=\"40\" data-height-mobile-landscape=\"20\" style=\"clear:both;display:block;\"><\/div><div data-rellax-speed=\"0.7\" data-rellax-percentage=\"0.7\" data-splitting=\"lines\" class=\"vc_row wpb_row vc_inner vc_row-fluid\"><\/div><div class=\"ult-spacer spacer-69f17fca3c6ef\" data-id=\"69f17fca3c6ef\" data-height=\"60\" data-height-mobile=\"20\" data-height-tab=\"\" data-height-tab-portrait=\"20\" data-height-mobile-landscape=\"20\" style=\"clear:both;display:block;\"><\/div><div data-rellax-speed=\"0.7\" data-rellax-percentage=\"0.7\" data-splitting=\"chars\" class=\"vc_row wpb_row vc_inner vc_row-fluid\"><div class=\"wpb_column vc_column_container vc_col-sm-12\"><div class=\"vc_column-inner\"><div class=\"wpb_wrapper\"><h1 style=\"font-size: 100px;color: #ffffff;text-align: center\" class=\"vc_custom_heading vc_do_custom_heading wpb_animate_when_almost_visible wpb_charsAnimIn charsAnimIn\" >Contact<\/h1><\/div><\/div><\/div><\/div><div class=\"ult-spacer spacer-69f17fca3d2a7\" data-id=\"69f17fca3d2a7\" data-height=\"40\" data-height-mobile=\"10\" data-height-tab=\"\" data-height-tab-portrait=\"\" data-height-mobile-landscape=\"\" style=\"clear:both;display:block;\"><\/div><\/div><\/div><\/div><\/div><!-- Row Backgrounds --><div class=\"upb_bg_img\" data-ultimate-bg=\"url(https:\/\/btween-us.com\/wp-content\/uploads\/2026\/01\/fond-1.jpg)\" data-image-id=\"id^8316|url^https:\/\/btween-us.com\/wp-content\/uploads\/2026\/01\/fond-1.jpg|caption^null|alt^null|title^fond-1|description^null\" data-ultimate-bg-style=\"vcpb-default\" data-bg-img-repeat=\"no-repeat\" data-bg-img-size=\"initial\" data-bg-img-position=\"\" data-parallx_sense=\"30\" data-bg-override=\"ex-full\" data-bg_img_attach=\"scroll\" data-upb-overlay-color=\"\" data-upb-bg-animation=\"\" data-fadeout=\"\" data-bg-animation=\"left-animation\" data-bg-animation-type=\"h\" data-animation-repeat=\"repeat\" data-fadeout-percentage=\"30\" data-parallax-content=\"\" data-parallax-content-sense=\"30\" data-row-effect-mobile-disable=\"true\" data-img-parallax-mobile-disable=\"true\" data-rtl=\"false\"  data-custom-vc-row=\"\"  data-vc=\"8.6.1\"  data-is_old_vc=\"\"  data-theme-support=\"\"   data-overlay=\"false\" data-overlay-color=\"\" data-overlay-pattern=\"\" data-overlay-pattern-opacity=\"\" data-overlay-pattern-size=\"\"    ><\/div><div class=\"vc_row wpb_row vc_row-fluid\"><div class=\"wpb_column vc_column_container vc_col-sm-3\"><div class=\"vc_column-inner\"><div class=\"wpb_wrapper\"><\/div><\/div><\/div><div class=\"wpb_column vc_column_container vc_col-sm-6\"><div class=\"vc_column-inner\"><div class=\"wpb_wrapper\"><div class=\"vc_empty_space\"   style=\"height: 32px\"><span class=\"vc_empty_space_inner\"><\/span><\/div><h3 style=\"font-size: 28px;text-align: center;font-family:Abril Fatface;font-weight:400;font-style:normal\" class=\"vc_custom_heading vc_do_custom_heading\" >Your project deserves precise, tailored attention worthy of your ambitions.<br \/>\nLet\u2019s get in touch.<\/h3><style id=\"wpforms-css-vars-7943\">\n\t\t\t\t#wpforms-7943 {\n\t\t\t\t--wpforms-field-border-color: rgba(0, 0, 0, 0.25);\n--wpforms-field-border-color-spare: rgba(0, 0, 0, 0.25);\n--wpforms-field-text-color: rgba(0, 0, 0, 0.7);\n--wpforms-label-color: rgba(0, 0, 0, 0.85);\n--wpforms-label-sublabel-color: rgba(0, 0, 0, 0.55);\n--wpforms-button-background-color: #588157;\n--wpforms-container-padding: 0px;\n--wpforms-container-border-width: 1px;\n--wpforms-container-border-radius: 3px;\n--wpforms-background-color: rgba(0, 0, 0, 0);\n--wpforms-field-size-input-height: 43px;\n--wpforms-field-size-input-spacing: 15px;\n--wpforms-field-size-font-size: 16px;\n--wpforms-field-size-line-height: 19px;\n--wpforms-field-size-padding-h: 14px;\n--wpforms-field-size-checkbox-size: 16px;\n--wpforms-field-size-sublabel-spacing: 5px;\n--wpforms-field-size-icon-size: 1;\n--wpforms-label-size-font-size: 16px;\n--wpforms-label-size-line-height: 19px;\n--wpforms-label-size-sublabel-font-size: 14px;\n--wpforms-label-size-sublabel-line-height: 17px;\n--wpforms-button-size-font-size: 17px;\n--wpforms-button-size-height: 41px;\n--wpforms-button-size-padding-h: 15px;\n--wpforms-button-size-margin-top: 10px;\n--wpforms-container-shadow-size-box-shadow: none;\n\t\t\t}\n\t\t\t<\/style><div class=\"wpforms-container wpforms-container-full wpforms-render-modern\" id=\"wpforms-7943\"><form id=\"wpforms-form-7943\" class=\"wpforms-validate wpforms-form wpforms-ajax-form\" data-formid=\"7943\" method=\"post\" enctype=\"multipart\/form-data\" action=\"\/en\/wp-json\/wp\/v2\/pages\/5381\" data-token=\"35538d3232cc994aad6c9aea2d954d32\" data-token-time=\"1777434570\" data-trp-original-action=\"\/en\/wp-json\/wp\/v2\/pages\/5381\"><noscript class=\"wpforms-error-noscript\">Please enable JavaScript in your browser to complete this form.<\/noscript><div id=\"wpforms-error-noscript\" style=\"display: none;\">Please enable JavaScript in your browser to complete this form.<\/div><div class=\"wpforms-field-container\"><div id=\"wpforms-7943-field_1-container\" class=\"wpforms-field wpforms-field-name\" data-field-id=\"1\"><label class=\"wpforms-field-label\" for=\"wpforms-7943-field_1\">Name of you Company <span class=\"wpforms-required-label\" aria-hidden=\"true\">*<\/span><\/label><input type=\"text\" id=\"wpforms-7943-field_1\" class=\"wpforms-field-large wpforms-field-required\" name=\"wpforms[fields][1]\" aria-errormessage=\"wpforms-7943-field_1-error\" required><\/div><div id=\"wpforms-7943-field_6-container\" class=\"wpforms-field wpforms-field-text\" data-field-id=\"6\"><label class=\"wpforms-field-label\" for=\"wpforms-7943-field_6\">Nom de votre soci\u00e9t\u00e9 <span class=\"wpforms-required-label\" aria-hidden=\"true\">*<\/span><\/label><input type=\"text\" id=\"wpforms-7943-field_6\" class=\"wpforms-field-large wpforms-field-required\" name=\"wpforms[fields][6]\" aria-errormessage=\"wpforms-7943-field_6-error\" required><\/div>\t\t<div id=\"wpforms-7943-field_2-container\"\n\t\t\tclass=\"wpforms-field wpforms-field-text\"\n\t\t\tdata-field-type=\"text\"\n\t\t\tdata-field-id=\"2\"\n\t\t\t>\n\t\t\t<label class=\"wpforms-field-label\" for=\"wpforms-7943-field_2\" >E-mail T\u00e9l\u00e9phone Objet<\/label>\n\t\t\t<input type=\"text\" id=\"wpforms-7943-field_2\" class=\"wpforms-field-medium\" name=\"wpforms[fields][2]\" >\n\t\t<\/div>\n\t\t<div id=\"wpforms-7943-field_3-container\" class=\"wpforms-field wpforms-field-email\" data-field-id=\"3\"><label class=\"wpforms-field-label\" for=\"wpforms-7943-field_3\">E-mail <span class=\"wpforms-required-label\" aria-hidden=\"true\">*<\/span><\/label><input type=\"email\" id=\"wpforms-7943-field_3\" class=\"wpforms-field-large wpforms-field-required\" name=\"wpforms[fields][3]\" spellcheck=\"false\" aria-errormessage=\"wpforms-7943-field_3-error\" required><\/div><div id=\"wpforms-7943-field_4-container\" class=\"wpforms-field wpforms-field-number\" data-field-id=\"4\"><label class=\"wpforms-field-label\" for=\"wpforms-7943-field_4\">Phone Number <span class=\"wpforms-required-label\" aria-hidden=\"true\">*<\/span><\/label><input type=\"number\" id=\"wpforms-7943-field_4\" class=\"wpforms-field-large wpforms-field-required\" name=\"wpforms[fields][4]\" placeholder=\"0123456789\" min=\"600000000\" max=\"999999999\" step=\"any\" aria-errormessage=\"wpforms-7943-field_4-error\" required><\/div><div id=\"wpforms-7943-field_7-container\" class=\"wpforms-field wpforms-field-text\" data-field-id=\"7\"><label class=\"wpforms-field-label\" for=\"wpforms-7943-field_7\">Your Subject <span class=\"wpforms-required-label\" aria-hidden=\"true\">*<\/span><\/label><input type=\"text\" id=\"wpforms-7943-field_7\" class=\"wpforms-field-large wpforms-field-required wpforms-limit-characters-enabled\" data-form-id=\"7943\" data-field-id=\"7\" data-text-limit=\"80\" name=\"wpforms[fields][7]\" placeholder=\"Prise  de contact \" aria-errormessage=\"wpforms-7943-field_7-error\" maxlength=\"80\" required><\/div><div id=\"wpforms-7943-field_8-container\" class=\"wpforms-field wpforms-field-textarea\" data-field-id=\"8\"><label class=\"wpforms-field-label\" for=\"wpforms-7943-field_8\">Your Message <span class=\"wpforms-required-label\" aria-hidden=\"true\">*<\/span><\/label><textarea id=\"wpforms-7943-field_8\" class=\"wpforms-field-medium wpforms-field-required\" name=\"wpforms[fields][8]\" aria-errormessage=\"wpforms-7943-field_8-error\" required><\/textarea><\/div><script>\n\t\t\t\t( function() {\n\t\t\t\t\tconst style = document.createElement( 'style' );\n\t\t\t\t\tstyle.appendChild( document.createTextNode( '#wpforms-7943-field_2-container { position: absolute !important; overflow: hidden !important; display: inline !important; height: 1px !important; width: 1px !important; z-index: -1000 !important; padding: 0 !important; } #wpforms-7943-field_2-container input { visibility: hidden; } #wpforms-conversational-form-page #wpforms-7943-field_2-container label { counter-increment: none; }' ) );\n\t\t\t\t\tdocument.head.appendChild( style );\n\t\t\t\t\tdocument.currentScript?.remove();\n\t\t\t\t} )();\n\t\t\t<\/script><\/div><!-- .wpforms-field-container --><div class=\"wpforms-submit-container\" ><input type=\"hidden\" name=\"wpforms[id]\" value=\"7943\"><input type=\"hidden\" name=\"page_title\" value=\"\"><input type=\"hidden\" name=\"page_url\" value=\"https:\/\/btween-us.com\/en\/wp-json\/wp\/v2\/pages\/5381\"><input type=\"hidden\" name=\"url_referer\" value=\"\"><button type=\"submit\" name=\"wpforms[submit]\" id=\"wpforms-submit-7943\" class=\"wpforms-submit envoistyle\" data-alt-text=\"Envoi...\" data-submit-text=\"Envoyer\" aria-live=\"assertive\" value=\"wpforms-submit\">Send<\/button><img loading=\"lazy\" decoding=\"async\" src=\"https:\/\/btween-us.com\/wp-content\/plugins\/wpforms-lite\/assets\/images\/submit-spin.svg\" class=\"wpforms-submit-spinner\" style=\"display: none;\" width=\"26\" height=\"26\" alt=\"Loading\"><\/div><input type=\"hidden\" name=\"trp-form-language\" value=\"en\"\/><\/form><\/div>  <!-- .wpforms-container --><\/div><\/div><\/div><div class=\"wpb_column vc_column_container vc_col-sm-3\"><div class=\"vc_column-inner\"><div class=\"wpb_wrapper\"><\/div><\/div><\/div><\/div><!-- Row Backgrounds --><div class=\"upb_color\" data-bg-override=\"0\" data-bg-color=\"#ffffff\" data-fadeout=\"\" data-fadeout-percentage=\"30\" data-parallax-content=\"\" data-parallax-content-sense=\"30\" data-row-effect-mobile-disable=\"true\" data-img-parallax-mobile-disable=\"true\" data-rtl=\"false\"  data-custom-vc-row=\"\"  data-vc=\"8.6.1\"  data-is_old_vc=\"\"  data-theme-support=\"\"   data-overlay=\"false\" data-overlay-color=\"\" data-overlay-pattern=\"\" data-overlay-pattern-opacity=\"\" data-overlay-pattern-size=\"\"    ><\/div><div class=\"vc_row wpb_row vc_row-fluid\"><div class=\"wpb_column vc_column_container vc_col-sm-4\"><div class=\"vc_column-inner\"><div class=\"wpb_wrapper\"><div data-rellax-speed=\"0.7\" data-rellax-percentage=\"0.7\" class=\"vc_row wpb_row vc_inner vc_row-fluid vc_custom_1759614010411 vc_row-has-fill\"><div class=\"wpb_column vc_column_container vc_col-sm-12\"><div class=\"vc_column-inner\"><div class=\"wpb_wrapper\"><div class=\"ult-content-box-container\" >\t\t<div class=\"ult-content-box\" style=\"background-color:#ffffff;box-shadow: px px px px none;-webkit-transition: all 700ms ease;-moz-transition: all 700ms ease;-ms-transition: all 700ms ease;-o-transition: all 700ms ease;transition: all 700ms ease;\"  data-hover_box_shadow=\"none\"     data-bg=\"#ffffff\" ><div class=\"ult-spacer spacer-69f17fca443f3\" data-id=\"69f17fca443f3\" data-height=\"50\" data-height-mobile=\"30\" data-height-tab=\"\" data-height-tab-portrait=\"40\" data-height-mobile-landscape=\"30\" style=\"clear:both;display:block;\"><\/div>\n\t<div class=\"wpb_text_column wpb_content_element\" >\n\t\t<div class=\"wpb_wrapper\">\n\t\t\t<h5>HEAD OFFICE<\/h5>\n\n\t\t<\/div>\n\t<\/div>\n<div class=\"ult-spacer spacer-69f17fca447db\" data-id=\"69f17fca447db\" data-height=\"20\" data-height-mobile=\"10\" data-height-tab=\"\" data-height-tab-portrait=\"15\" data-height-mobile-landscape=\"10\" style=\"clear:both;display:block;\"><\/div>\n\t<div class=\"wpb_text_column wpb_content_element adresseus\" id=\"adresseus\">\n\t\t<div class=\"wpb_wrapper\">\n\t\t\t<p><b><i class=\"Defaults-map-marker\"><\/i> BTWEEN US GEN\u00c8VE<\/b><br \/>\n94, Rue des eaux-vives<br \/>\n1207 Gen\u00e8ve, Suisse.<\/p>\n<p><i class=\"Defaults-user\"><\/i> Noelle MENDY<br \/>\n<i class=\"Defaults-phone\"><\/i> +41 78 207 19 67<br \/>\n<i class=\"Defaults-envelope\"><\/i> <a href=\"mailto:noelle.mendy@btween-us.com\">noelle.mendy@btween-us.com<\/a><\/p>\n\n\t\t<\/div>\n\t<\/div>\n\t\t<\/div><\/div><\/div><\/div><\/div><\/div><\/div><\/div><\/div><div class=\"wpb_column vc_column_container vc_col-sm-4\"><div class=\"vc_column-inner\"><div class=\"wpb_wrapper\"><div class=\"ult-content-box-container\" >\t\t<div class=\"ult-content-box\" style=\"box-shadow: px px px px none;-webkit-transition: all 700ms ease;-moz-transition: all 700ms ease;-ms-transition: all 700ms ease;-o-transition: all 700ms ease;transition: all 700ms ease;\"  data-hover_box_shadow=\"none\"    ><div class=\"ult-spacer spacer-69f17fca44db7\" data-id=\"69f17fca44db7\" data-height=\"50\" data-height-mobile=\"30\" data-height-tab=\"\" data-height-tab-portrait=\"40\" data-height-mobile-landscape=\"30\" style=\"clear:both;display:block;\"><\/div>\n\t<div class=\"wpb_text_column wpb_content_element\" >\n\t\t<div class=\"wpb_wrapper\">\n\t\t\t<h5>OUR OFFICES AROUND THE WORLD<\/h5>\n\n\t\t<\/div>\n\t<\/div>\n<div class=\"ult-spacer spacer-69f17fca44fab\" data-id=\"69f17fca44fab\" data-height=\"20\" data-height-mobile=\"10\" data-height-tab=\"\" data-height-tab-portrait=\"15\" data-height-mobile-landscape=\"10\" style=\"clear:both;display:block;\"><\/div>\n\t<div class=\"wpb_text_column wpb_content_element adresseus\" id=\"adresseus\">\n\t\t<div class=\"wpb_wrapper\">\n\t\t\t<p><b><i class=\"Defaults-map-marker\"><\/i> BTWEEN US ZURICH<\/b><\/p>\n<p><i class=\"Defaults-user\"><\/i> Pauline SUMA<br \/>\n<i class=\"Defaults-phone\"><\/i> +41 78 255 04 24<br \/>\n<i class=\"Defaults-envelope\"><\/i> <a href=\"mailto:Pauline.SUMA@btween-us.com\">Pauline.SUMA@btween-us.com<\/a><\/p>\n\n\t\t<\/div>\n\t<\/div>\n<div class=\"ult-spacer spacer-69f17fca4519f\" data-id=\"69f17fca4519f\" data-height=\"20\" data-height-mobile=\"10\" data-height-tab=\"\" data-height-tab-portrait=\"15\" data-height-mobile-landscape=\"10\" style=\"clear:both;display:block;\"><\/div>\n\t<div class=\"wpb_text_column wpb_content_element adresseus\" id=\"adresseus\">\n\t\t<div class=\"wpb_wrapper\">\n\t\t\t<p><b><i class=\"Defaults-map-marker\"><\/i> BTWEEN US PARIS<\/b><\/p>\n<p><i class=\"Defaults-user\"><\/i> Anna NOA<br \/>\n<i class=\"Defaults-phone\"><\/i> + 33 7 49 83 10 56<br \/>\n<i class=\"Defaults-envelope\"><\/i> <a href=\"mailto:anna.noa@btween-us.com\">anna.noa@btween-us.com<\/a><\/p>\n\n\t\t<\/div>\n\t<\/div>\n\t\t<\/div><\/div><\/div><\/div><\/div><div class=\"wpb_column vc_column_container vc_col-sm-4\"><div class=\"vc_column-inner\"><div class=\"wpb_wrapper\"><div class=\"ult-content-box-container\" >\t\t<div class=\"ult-content-box\" style=\"box-shadow: px px px px none;-webkit-transition: all 700ms ease;-moz-transition: all 700ms ease;-ms-transition: all 700ms ease;-o-transition: all 700ms ease;transition: all 700ms ease;\"  data-hover_box_shadow=\"none\"    ><div class=\"ult-spacer spacer-69f17fca4577c\" data-id=\"69f17fca4577c\" data-height=\"50\" data-height-mobile=\"30\" data-height-tab=\"\" data-height-tab-portrait=\"40\" data-height-mobile-landscape=\"30\" style=\"clear:both;display:block;\"><\/div>\n\t<div class=\"wpb_text_column wpb_content_element\" >\n\t\t<div class=\"wpb_wrapper\">\n\t\t\t\n\t\t<\/div>\n\t<\/div>\n<div class=\"ult-spacer spacer-69f17fca45970\" data-id=\"69f17fca45970\" data-height=\"56\" data-height-mobile=\"10\" data-height-tab=\"\" data-height-tab-portrait=\"15\" data-height-mobile-landscape=\"10\" style=\"clear:both;display:block;\"><\/div>\n\t<div class=\"wpb_text_column wpb_content_element adresseus\" id=\"adresseus\">\n\t\t<div class=\"wpb_wrapper\">\n\t\t\t<p><b><i class=\"Defaults-map-marker\"><\/i> BTWEEN US BORDEAUX<\/b><\/p>\n<p><i class=\"Defaults-user\"><\/i> Amandine LOYANT<br \/>\n<i class=\"Defaults-phone\"><\/i> + 33 6 84 03 42 08<br \/>\n<i class=\"Defaults-envelope\"><\/i> <a href=\"mailto:amandine.loyant@btween-us.com\">amandine.loyant@btween-us.com<\/a><\/p>\n\n\t\t<\/div>\n\t<\/div>\n<div class=\"ult-spacer spacer-69f17fca45b64\" data-id=\"69f17fca45b64\" data-height=\"20\" data-height-mobile=\"10\" data-height-tab=\"\" data-height-tab-portrait=\"15\" data-height-mobile-landscape=\"10\" style=\"clear:both;display:block;\"><\/div>\n\t<div class=\"wpb_text_column wpb_content_element adresseus\" id=\"adresseus\">\n\t\t<div class=\"wpb_wrapper\">\n\t\t\t<p><b><i class=\"Defaults-map-marker\"><\/i> BTWEEN US DAKAR &amp; MARRAKECH<\/b><\/p>\n<p><b><i class=\"Defaults-map-marker\"><\/i> BTWEEN US LUXEMBOURG<\/b><\/p>\n<p><i class=\"Defaults-envelope\"><\/i> <a href=\"mailto:contact@btween-us.com\">contact@between-us.com<\/a><\/p>\n\n\t\t<\/div>\n\t<\/div>\n\t\t<\/div><\/div><\/div><\/div><\/div><\/div>\n<\/div>","protected":false},"excerpt":{"rendered":"ContactVotre projet m\u00e9rite une attention sur-mesure. Entrons en contact.Please enable JavaScript in your browser to complete this form.Please enable JavaScript in your browser to complete this form. soci\u00e9t\u00e9 Nom Votre Votre Nom et Pr\u00e9nom *Nom de votre soci\u00e9t\u00e9 *E-mail *T\u00e9l\u00e9phone *Votre Objet *Votre message *Envoyer MAISON M\u00c8RE BTWEEN US GEN\u00c8VE 94, Rue des eaux-vives 1207 [...]","protected":false},"author":1,"featured_media":0,"parent":0,"menu_order":0,"comment_status":"closed","ping_status":"closed","template":"page.php","meta":{"_seopress_robots_primary_cat":"","_seopress_titles_title":"","_seopress_titles_desc":"","_seopress_robots_index":"","footnotes":""},"class_list":["post-5381","page","type-page","status-publish","hentry"],"_links":{"self":[{"href":"https:\/\/btween-us.com\/en\/wp-json\/wp\/v2\/pages\/5381","targetHints":{"allow":["GET"]}}],"collection":[{"href":"https:\/\/btween-us.com\/en\/wp-json\/wp\/v2\/pages"}],"about":[{"href":"https:\/\/btween-us.com\/en\/wp-json\/wp\/v2\/types\/page"}],"author":[{"embeddable":true,"href":"https:\/\/btween-us.com\/en\/wp-json\/wp\/v2\/users\/1"}],"replies":[{"embeddable":true,"href":"https:\/\/btween-us.com\/en\/wp-json\/wp\/v2\/comments?post=5381"}],"version-history":[{"count":96,"href":"https:\/\/btween-us.com\/en\/wp-json\/wp\/v2\/pages\/5381\/revisions"}],"predecessor-version":[{"id":8335,"href":"https:\/\/btween-us.com\/en\/wp-json\/wp\/v2\/pages\/5381\/revisions\/8335"}],"wp:attachment":[{"href":"https:\/\/btween-us.com\/en\/wp-json\/wp\/v2\/media?parent=5381"}],"curies":[{"name":"wp","href":"https:\/\/api.w.org\/{rel}","templated":true}]}}